{"id":4299,"date":"2024-03-20T15:28:22","date_gmt":"2024-03-20T14:28:22","guid":{"rendered":"https:\/\/www.paesesolidale.coop\/pasol\/?page_id=4299"},"modified":"2024-07-10T15:56:10","modified_gmt":"2024-07-10T13:56:10","slug":"chi-siamo","status":"publish","type":"page","link":"https:\/\/www.paesesolidale.coop\/pasol\/chi-siamo\/","title":{"rendered":"chi siamo"},"content":{"rendered":"\t\t<div data-elementor-type=\"wp-page\" data-elementor-id=\"4299\" class=\"elementor elementor-4299\" data-elementor-post-type=\"page\">\n\t\t\t\t<div class=\"elementor-element elementor-element-0f91fc5 e-con-full e-flex e-con e-parent\" data-id=\"0f91fc5\" data-element_type=\"container\" data-e-type=\"container\" data-settings=\"{&quot;background_background&quot;:&quot;slideshow&quot;,&quot;background_slideshow_gallery&quot;:[{&quot;id&quot;:4512,&quot;url&quot;:&quot;https:\\\/\\\/www.paesesolidale.coop\\\/pasol\\\/wp-content\\\/uploads\\\/2024\\\/03\\\/assistenza-agli-anziani.jpg&quot;},{&quot;id&quot;:3683,&quot;url&quot;:&quot;https:\\\/\\\/www.paesesolidale.coop\\\/pasol\\\/wp-content\\\/uploads\\\/2024\\\/03\\\/IMG-20220610-WA0082.jpg&quot;},{&quot;id&quot;:4202,&quot;url&quot;:&quot;https:\\\/\\\/www.paesesolidale.coop\\\/pasol\\\/wp-content\\\/uploads\\\/2024\\\/03\\\/piedi-sensoriali-percorsi-tattili-leura-bambini-1-rotated.jpg&quot;},{&quot;id&quot;:4228,&quot;url&quot;:&quot;https:\\\/\\\/www.paesesolidale.coop\\\/pasol\\\/wp-content\\\/uploads\\\/2024\\\/03\\\/73282491_2143631195931873_4486330929672880128_n.jpg&quot;},{&quot;id&quot;:4199,&quot;url&quot;:&quot;https:\\\/\\\/www.paesesolidale.coop\\\/pasol\\\/wp-content\\\/uploads\\\/2024\\\/03\\\/69.tecnologie-assistive.jpg&quot;},{&quot;id&quot;:3498,&quot;url&quot;:&quot;https:\\\/\\\/www.paesesolidale.coop\\\/pasol\\\/wp-content\\\/uploads\\\/2024\\\/03\\\/IMG_20240301_175346-scaled.jpg&quot;},{&quot;id&quot;:4514,&quot;url&quot;:&quot;https:\\\/\\\/www.paesesolidale.coop\\\/pasol\\\/wp-content\\\/uploads\\\/2024\\\/03\\\/diritti-anziani.jpg&quot;},{&quot;id&quot;:5065,&quot;url&quot;:&quot;https:\\\/\\\/www.paesesolidale.coop\\\/pasol\\\/wp-content\\\/uploads\\\/2024\\\/04\\\/1.jpg&quot;},{&quot;id&quot;:4739,&quot;url&quot;:&quot;https:\\\/\\\/www.paesesolidale.coop\\\/pasol\\\/wp-content\\\/uploads\\\/2024\\\/03\\\/home7-scaled.jpg&quot;}],&quot;background_slideshow_ken_burns&quot;:&quot;yes&quot;,&quot;background_slideshow_slide_duration&quot;:2500,&quot;background_slideshow_loop&quot;:&quot;yes&quot;,&quot;background_slideshow_slide_transition&quot;:&quot;fade&quot;,&quot;background_slideshow_transition_duration&quot;:500,&quot;background_slideshow_ken_burns_zoom_direction&quot;:&quot;in&quot;}\">\n\t\t\t\t<div class=\"elementor-element elementor-element-ecf1ff7 elementor-headline--style-rotate elementor-widget elementor-widget-animated-headline\" data-id=\"ecf1ff7\" data-element_type=\"widget\" data-e-type=\"widget\" data-settings=\"{&quot;headline_style&quot;:&quot;rotate&quot;,&quot;animation_type&quot;:&quot;clip&quot;,&quot;rotating_text&quot;:&quot;ACCOGLIENZA\\nSOLIDARIET\\u00c0\\nCOOPERAZIONE&quot;,&quot;loop&quot;:&quot;yes&quot;,&quot;rotate_iteration_delay&quot;:2500}\" data-widget_type=\"animated-headline.default\">\n\t\t\t\t<div class=\"elementor-widget-container\">\n\t\t\t\t\t\t\t<h3 class=\"elementor-headline elementor-headline-animation-type-clip\">\n\t\t\t\t\t<span class=\"elementor-headline-plain-text elementor-headline-text-wrapper\">PA.SOL. \u00e8<\/span>\n\t\t\t\t<span class=\"elementor-headline-dynamic-wrapper elementor-headline-text-wrapper\">\n\t\t\t\t\t<span class=\"elementor-headline-dynamic-text elementor-headline-text-active\">\n\t\t\t\tACCOGLIENZA\t\t\t<\/span>\n\t\t\t\t\t<span class=\"elementor-headline-dynamic-text\">\n\t\t\t\tSOLIDARIET\u00c0\t\t\t<\/span>\n\t\t\t\t\t<span class=\"elementor-headline-dynamic-text\">\n\t\t\t\tCOOPERAZIONE\t\t\t<\/span>\n\t\t\t\t\t\t<\/span>\n\t\t\t\t<\/h3>\n\t\t\t\t\t\t<\/div>\n\t\t\t\t<\/div>\n\t\t\t\t<\/div>\n\t\t<div class=\"elementor-element elementor-element-0240ec0 e-con-full e-flex e-con e-parent\" data-id=\"0240ec0\" data-element_type=\"container\" data-e-type=\"container\">\n\t\t\t\t<div class=\"elementor-element elementor-element-2f63d08 elementor-widget elementor-widget-heading\" data-id=\"2f63d08\" data-element_type=\"widget\" data-e-type=\"widget\" data-widget_type=\"heading.default\">\n\t\t\t\t<div class=\"elementor-widget-container\">\n\t\t\t\t\t<h2 class=\"elementor-heading-title elementor-size-default\">CHI SIAMO<\/h2>\t\t\t\t<\/div>\n\t\t\t\t<\/div>\n\t\t\t\t<\/div>\n\t\t<div class=\"elementor-element elementor-element-ec5c0ae e-con-full e-flex e-con e-parent\" data-id=\"ec5c0ae\" data-element_type=\"container\" data-e-type=\"container\">\n\t\t\t\t<div class=\"elementor-element elementor-element-82f15a9 elementor-widget__width-inherit elementor-widget elementor-widget-text-editor\" data-id=\"82f15a9\" data-element_type=\"widget\" data-e-type=\"widget\" data-widget_type=\"text-editor.default\">\n\t\t\t\t<div class=\"elementor-widget-container\">\n\t\t\t\t\t\t\t\t\t<h3 style=\"text-align: center;\"><span style=\"font-weight: 400; color: #000000;\">La cooperativa PA.SOL. nasce nel 1997 e da subito sceglie di occuparsi di servizi educativi e socio-assistenziali. La sede della cooperativa ad oggi si trova presso Casa PA.SOL. ad Ospitaletto, in via Brigata Alpina Julia 43.<\/span><\/h3><h3 style=\"text-align: center;\"><span style=\"color: #000000;\"><span style=\"font-weight: 400;\">La compagine sociale \u00e8 composta da varie figure professionali, aggregate dal comune interesse per la <\/span><b>promozione di servizi a sostegno delle famiglie, dei minori e di persone che<\/b><span style=\"font-weight: 400;\">, per diverse ragioni, <\/span><b>presentano condizioni di bisogno o situazioni di svantaggio<\/b><span style=\"font-weight: 400;\">.<\/span><\/span><\/h3><h3 style=\"text-align: center;\"><span style=\"color: #000000;\"><span style=\"font-weight: 400;\">I soci promotori della cooperativa dispongono di una consistente <\/span><b>esperienza nel volontariato, nella solidariet\u00e0 e nella cooperazione<\/b><span style=\"font-weight: 400;\">, cresciuta attraverso la molteplicit\u00e0 di servizi in cui hanno potuto ampliare le proprie competenze e professionalit\u00e0 in pi\u00f9 ambiti (pedagogico, educativo, assistenziale, progettuale, didattico, organizzativo-gestionale, formativo e di ricerca).<\/span><\/span><\/h3><h3 style=\"text-align: center;\"><span style=\"color: #000000;\"><span style=\"font-weight: 400;\">La finalit\u00e0 principale che da sempre ci siamo posti \u00e8 quella di <\/span><b>sostenere la crescita di un \u201cpaese solidale\u201d<\/b><span style=\"font-weight: 400;\">, ovvero considerare le <strong>problematiche del territorio e assumerne come prioritari i bisogni<\/strong>, costruendo un sistema di relazioni con le diverse realt\u00e0 che vi operano (Servizi Sociali, gruppi di volontariato, Oratori e Parrocchie, Direzioni Didattiche, ASL, famiglie, gruppi di volontariato ed associazioni).<\/span><\/span><\/h3><h3 style=\"text-align: center;\"><span style=\"color: #000000;\"><span style=\"font-weight: 400;\">In tale contesto sono possibili <\/span><b>progettazioni specifiche ed interventi su misura<\/b><span style=\"font-weight: 400;\"> nei quali, esperienza, professionalit\u00e0 e sperimentazione, abbiano quale criterio principale la centralit\u00e0 della persona e dei suoi bisogni.<\/span><\/span><\/h3><h3 style=\"text-align: center;\"><span style=\"font-weight: 400; color: #000000;\">Crediamo che per mantenere le caratteristiche sopra descritte sia importante che i servizi proposti siano radicati nei territori, per essere contemporaneamente specifici e polivalenti circa risposte o soluzioni, oltre che flessibili nell\u2019organizzazione.\u00a0<\/span><\/h3><h3 style=\"text-align: center;\"><span style=\"color: #000000;\"><span style=\"font-weight: 400;\">La modalit\u00e0 operativa \u00e8 ovviamente quella del <\/span><b>lavoro d\u2019\u00e9quipe<\/b><span style=\"font-weight: 400;\"> che, attraverso la suddivisione degli operatori per aree d\u2019intervento, <strong>garantisca formazione, preparazione ed esperienza nell\u2019ambito delle specifiche competenze<\/strong>, con la possibilit\u00e0 di creare confronto, collaborazioni e scambio arricchente tra operatori.<\/span><\/span><\/h3>\t\t\t\t\t\t\t\t<\/div>\n\t\t\t\t<\/div>\n\t\t\t\t<\/div>\n\t\t<div class=\"elementor-element elementor-element-e46b0f9 e-flex e-con-boxed e-con e-parent\" data-id=\"e46b0f9\" data-element_type=\"container\" data-e-type=\"container\">\n\t\t\t\t\t<div class=\"e-con-inner\">\n\t\t\t\t<div class=\"elementor-element elementor-element-4861f00 elementor-invisible elementor-widget elementor-widget-heading\" data-id=\"4861f00\" data-element_type=\"widget\" data-e-type=\"widget\" data-settings=\"{&quot;_animation&quot;:&quot;fadeIn&quot;}\" data-widget_type=\"heading.default\">\n\t\t\t\t<div class=\"elementor-widget-container\">\n\t\t\t\t\t<h2 class=\"elementor-heading-title elementor-size-xl\">QUALCHE NUMERO<\/h2>\t\t\t\t<\/div>\n\t\t\t\t<\/div>\n\t\t\t\t\t<\/div>\n\t\t\t\t<\/div>\n\t\t<div class=\"elementor-element elementor-element-8fd6cd3 e-flex e-con-boxed e-con e-parent\" data-id=\"8fd6cd3\" data-element_type=\"container\" data-e-type=\"container\">\n\t\t\t\t\t<div class=\"e-con-inner\">\n\t\t<div class=\"elementor-element elementor-element-93f9b9a e-con-full e-flex e-con e-child\" data-id=\"93f9b9a\" data-element_type=\"container\" data-e-type=\"container\">\n\t\t\t\t<div class=\"elementor-element elementor-element-e01c2b6 elementor-widget__width-inherit elementor-invisible elementor-widget elementor-widget-counter\" data-id=\"e01c2b6\" data-element_type=\"widget\" data-e-type=\"widget\" data-settings=\"{&quot;_animation&quot;:&quot;fadeIn&quot;}\" data-widget_type=\"counter.default\">\n\t\t\t\t<div class=\"elementor-widget-container\">\n\t\t\t\t\t\t\t<div class=\"elementor-counter\">\n\t\t\t<h2 class=\"elementor-counter-title\">Soci lavoratori<\/h2>\t\t\t<div class=\"elementor-counter-number-wrapper\">\n\t\t\t\t<span class=\"elementor-counter-number-prefix\"><\/span>\n\t\t\t\t<span class=\"elementor-counter-number\" data-duration=\"2000\" data-to-value=\"152\" data-from-value=\"0\">0<\/span>\n\t\t\t\t<span class=\"elementor-counter-number-suffix\"><\/span>\n\t\t\t<\/div>\n\t\t<\/div>\n\t\t\t\t\t\t<\/div>\n\t\t\t\t<\/div>\n\t\t\t\t<\/div>\n\t\t<div class=\"elementor-element elementor-element-7ec180c e-con-full e-flex e-con e-child\" data-id=\"7ec180c\" data-element_type=\"container\" data-e-type=\"container\">\n\t\t\t\t<div class=\"elementor-element elementor-element-63fb19d elementor-widget__width-inherit elementor-invisible elementor-widget elementor-widget-counter\" data-id=\"63fb19d\" data-element_type=\"widget\" data-e-type=\"widget\" data-settings=\"{&quot;_animation&quot;:&quot;fadeIn&quot;}\" data-widget_type=\"counter.default\">\n\t\t\t\t<div class=\"elementor-widget-container\">\n\t\t\t\t\t\t\t<div class=\"elementor-counter\">\n\t\t\t<h2 class=\"elementor-counter-title\">Territori<\/h2>\t\t\t<div class=\"elementor-counter-number-wrapper\">\n\t\t\t\t<span class=\"elementor-counter-number-prefix\"><\/span>\n\t\t\t\t<span class=\"elementor-counter-number\" data-duration=\"2100\" data-to-value=\"16\" data-from-value=\"0\">0<\/span>\n\t\t\t\t<span class=\"elementor-counter-number-suffix\"><\/span>\n\t\t\t<\/div>\n\t\t<\/div>\n\t\t\t\t\t\t<\/div>\n\t\t\t\t<\/div>\n\t\t\t\t<\/div>\n\t\t<div class=\"elementor-element elementor-element-d964fa6 e-con-full e-flex e-con e-child\" data-id=\"d964fa6\" data-element_type=\"container\" data-e-type=\"container\">\n\t\t\t\t<div class=\"elementor-element elementor-element-dbc509f elementor-widget__width-inherit elementor-invisible elementor-widget elementor-widget-counter\" data-id=\"dbc509f\" data-element_type=\"widget\" data-e-type=\"widget\" data-settings=\"{&quot;_animation&quot;:&quot;fadeIn&quot;}\" data-widget_type=\"counter.default\">\n\t\t\t\t<div class=\"elementor-widget-container\">\n\t\t\t\t\t\t\t<div class=\"elementor-counter\">\n\t\t\t<div class=\"elementor-counter-title\">Soci Volontari<\/div>\t\t\t<div class=\"elementor-counter-number-wrapper\">\n\t\t\t\t<span class=\"elementor-counter-number-prefix\"><\/span>\n\t\t\t\t<span class=\"elementor-counter-number\" data-duration=\"2200\" data-to-value=\"12\" data-from-value=\"0\">0<\/span>\n\t\t\t\t<span class=\"elementor-counter-number-suffix\"><\/span>\n\t\t\t<\/div>\n\t\t<\/div>\n\t\t\t\t\t\t<\/div>\n\t\t\t\t<\/div>\n\t\t\t\t<\/div>\n\t\t\t\t\t<\/div>\n\t\t\t\t<\/div>\n\t\t<div class=\"elementor-element elementor-element-9f7bde6 e-grid e-con-boxed e-con e-parent\" data-id=\"9f7bde6\" data-element_type=\"container\" data-e-type=\"container\">\n\t\t\t\t\t<div class=\"e-con-inner\">\n\t\t\t\t<div class=\"elementor-element elementor-element-6defe2c elementor-button-danger elementor-align-center elementor-widget elementor-widget-button\" data-id=\"6defe2c\" data-element_type=\"widget\" data-e-type=\"widget\" data-widget_type=\"button.default\">\n\t\t\t\t<div class=\"elementor-widget-container\">\n\t\t\t\t\t\t\t\t\t<div class=\"elementor-button-wrapper\">\n\t\t\t\t\t<a class=\"elementor-button elementor-button-link elementor-size-sm\" href=\"http:\/\/paesesolidale.coop\/pasol\/downloads\/pasol%20-%20statuto.pdf\" target=\"_blank\">\n\t\t\t\t\t\t<span class=\"elementor-button-content-wrapper\">\n\t\t\t\t\t\t\t\t\t<span class=\"elementor-button-text\">SCARICA IL NOSTRO STATUTO<\/span>\n\t\t\t\t\t<\/span>\n\t\t\t\t\t<\/a>\n\t\t\t\t<\/div>\n\t\t\t\t\t\t\t\t<\/div>\n\t\t\t\t<\/div>\n\t\t\t\t\t<\/div>\n\t\t\t\t<\/div>\n\t\t\t\t<\/div>\n\t\t","protected":false},"excerpt":{"rendered":"<p>PA.SOL. \u00e8 ACCOGLIENZA SOLIDARIET\u00c0 COOPERAZIONE CHI SIAMO La cooperativa PA.SOL. nasce nel 1997 e da subito sceglie di occuparsi di servizi educativi e socio-assistenziali. La sede della cooperativa ad oggi. <a class=\"read-more-link\" href=\"https:\/\/www.paesesolidale.coop\/pasol\/chi-siamo\/\">Leggi tutto&#8230;<\/a><\/p>\n","protected":false},"author":5,"featured_media":0,"parent":0,"menu_order":0,"comment_status":"closed","ping_status":"closed","template":"","meta":{"footnotes":""},"class_list":["post-4299","page","type-page","status-publish","hentry"],"yoast_head":"<!-- This site is optimized with the Yoast SEO plugin v27.4 - https:\/\/yoast.com\/product\/yoast-seo-wordpress\/ -->\n<title>chi siamo - PA.SOL.<\/title>\n<meta name=\"description\" content=\"La Coop. Pa.Sol. nasce nel 1997 e da subito sceglie di occuparsi di servizi educativi e socio-assistenziali. La sede della cooperativa ad oggi si trova presso la Casa Pa.Sol. ad Ospitaletto, in via Brigata Alpina Julia 43.\" \/>\n<meta name=\"robots\" content=\"index, follow, max-snippet:-1, max-image-preview:large, max-video-preview:-1\" \/>\n<link rel=\"canonical\" href=\"https:\/\/www.paesesolidale.coop\/pasol\/chi-siamo\/\" \/>\n<meta property=\"og:locale\" content=\"it_IT\" \/>\n<meta property=\"og:type\" content=\"article\" \/>\n<meta property=\"og:title\" content=\"chi siamo - PA.SOL.\" \/>\n<meta property=\"og:description\" content=\"La Coop. Pa.Sol. nasce nel 1997 e da subito sceglie di occuparsi di servizi educativi e socio-assistenziali. La sede della cooperativa ad oggi si trova presso la Casa Pa.Sol. ad Ospitaletto, in via Brigata Alpina Julia 43.\" \/>\n<meta property=\"og:url\" content=\"https:\/\/www.paesesolidale.coop\/pasol\/chi-siamo\/\" \/>\n<meta property=\"og:site_name\" content=\"PA.SOL.\" \/>\n<meta property=\"article:publisher\" content=\"https:\/\/www.facebook.com\/pasol.onlus\" \/>\n<meta property=\"article:modified_time\" content=\"2024-07-10T13:56:10+00:00\" \/>\n<meta name=\"twitter:card\" content=\"summary_large_image\" \/>\n<meta name=\"twitter:label1\" content=\"Tempo di lettura stimato\" \/>\n\t<meta name=\"twitter:data1\" content=\"2 minuti\" \/>\n<script type=\"application\/ld+json\" class=\"yoast-schema-graph\">{\"@context\":\"https:\\\/\\\/schema.org\",\"@graph\":[{\"@type\":\"WebPage\",\"@id\":\"https:\\\/\\\/www.paesesolidale.coop\\\/pasol\\\/chi-siamo\\\/\",\"url\":\"https:\\\/\\\/www.paesesolidale.coop\\\/pasol\\\/chi-siamo\\\/\",\"name\":\"chi siamo - PA.SOL.\",\"isPartOf\":{\"@id\":\"https:\\\/\\\/www.paesesolidale.coop\\\/pasol\\\/#website\"},\"datePublished\":\"2024-03-20T14:28:22+00:00\",\"dateModified\":\"2024-07-10T13:56:10+00:00\",\"description\":\"La Coop. Pa.Sol. nasce nel 1997 e da subito sceglie di occuparsi di servizi educativi e socio-assistenziali. La sede della cooperativa ad oggi si trova presso la Casa Pa.Sol. ad Ospitaletto, in via Brigata Alpina Julia 43.\",\"breadcrumb\":{\"@id\":\"https:\\\/\\\/www.paesesolidale.coop\\\/pasol\\\/chi-siamo\\\/#breadcrumb\"},\"inLanguage\":\"it-IT\",\"potentialAction\":[{\"@type\":\"ReadAction\",\"target\":[\"https:\\\/\\\/www.paesesolidale.coop\\\/pasol\\\/chi-siamo\\\/\"]}]},{\"@type\":\"BreadcrumbList\",\"@id\":\"https:\\\/\\\/www.paesesolidale.coop\\\/pasol\\\/chi-siamo\\\/#breadcrumb\",\"itemListElement\":[{\"@type\":\"ListItem\",\"position\":1,\"name\":\"Home\",\"item\":\"https:\\\/\\\/www.paesesolidale.coop\\\/pasol\\\/\"},{\"@type\":\"ListItem\",\"position\":2,\"name\":\"chi siamo\"}]},{\"@type\":\"WebSite\",\"@id\":\"https:\\\/\\\/www.paesesolidale.coop\\\/pasol\\\/#website\",\"url\":\"https:\\\/\\\/www.paesesolidale.coop\\\/pasol\\\/\",\"name\":\"PA.SOL.\",\"description\":\"\",\"potentialAction\":[{\"@type\":\"SearchAction\",\"target\":{\"@type\":\"EntryPoint\",\"urlTemplate\":\"https:\\\/\\\/www.paesesolidale.coop\\\/pasol\\\/?s={search_term_string}\"},\"query-input\":{\"@type\":\"PropertyValueSpecification\",\"valueRequired\":true,\"valueName\":\"search_term_string\"}}],\"inLanguage\":\"it-IT\"}]}<\/script>\n<!-- \/ Yoast SEO plugin. -->","yoast_head_json":{"title":"chi siamo - PA.SOL.","description":"La Coop. Pa.Sol. nasce nel 1997 e da subito sceglie di occuparsi di servizi educativi e socio-assistenziali. La sede della cooperativa ad oggi si trova presso la Casa Pa.Sol. ad Ospitaletto, in via Brigata Alpina Julia 43.","robots":{"index":"index","follow":"follow","max-snippet":"max-snippet:-1","max-image-preview":"max-image-preview:large","max-video-preview":"max-video-preview:-1"},"canonical":"https:\/\/www.paesesolidale.coop\/pasol\/chi-siamo\/","og_locale":"it_IT","og_type":"article","og_title":"chi siamo - PA.SOL.","og_description":"La Coop. Pa.Sol. nasce nel 1997 e da subito sceglie di occuparsi di servizi educativi e socio-assistenziali. La sede della cooperativa ad oggi si trova presso la Casa Pa.Sol. ad Ospitaletto, in via Brigata Alpina Julia 43.","og_url":"https:\/\/www.paesesolidale.coop\/pasol\/chi-siamo\/","og_site_name":"PA.SOL.","article_publisher":"https:\/\/www.facebook.com\/pasol.onlus","article_modified_time":"2024-07-10T13:56:10+00:00","twitter_card":"summary_large_image","twitter_misc":{"Tempo di lettura stimato":"2 minuti"},"schema":{"@context":"https:\/\/schema.org","@graph":[{"@type":"WebPage","@id":"https:\/\/www.paesesolidale.coop\/pasol\/chi-siamo\/","url":"https:\/\/www.paesesolidale.coop\/pasol\/chi-siamo\/","name":"chi siamo - PA.SOL.","isPartOf":{"@id":"https:\/\/www.paesesolidale.coop\/pasol\/#website"},"datePublished":"2024-03-20T14:28:22+00:00","dateModified":"2024-07-10T13:56:10+00:00","description":"La Coop. Pa.Sol. nasce nel 1997 e da subito sceglie di occuparsi di servizi educativi e socio-assistenziali. La sede della cooperativa ad oggi si trova presso la Casa Pa.Sol. ad Ospitaletto, in via Brigata Alpina Julia 43.","breadcrumb":{"@id":"https:\/\/www.paesesolidale.coop\/pasol\/chi-siamo\/#breadcrumb"},"inLanguage":"it-IT","potentialAction":[{"@type":"ReadAction","target":["https:\/\/www.paesesolidale.coop\/pasol\/chi-siamo\/"]}]},{"@type":"BreadcrumbList","@id":"https:\/\/www.paesesolidale.coop\/pasol\/chi-siamo\/#breadcrumb","itemListElement":[{"@type":"ListItem","position":1,"name":"Home","item":"https:\/\/www.paesesolidale.coop\/pasol\/"},{"@type":"ListItem","position":2,"name":"chi siamo"}]},{"@type":"WebSite","@id":"https:\/\/www.paesesolidale.coop\/pasol\/#website","url":"https:\/\/www.paesesolidale.coop\/pasol\/","name":"PA.SOL.","description":"","potentialAction":[{"@type":"SearchAction","target":{"@type":"EntryPoint","urlTemplate":"https:\/\/www.paesesolidale.coop\/pasol\/?s={search_term_string}"},"query-input":{"@type":"PropertyValueSpecification","valueRequired":true,"valueName":"search_term_string"}}],"inLanguage":"it-IT"}]}},"_links":{"self":[{"href":"https:\/\/www.paesesolidale.coop\/pasol\/wp-json\/wp\/v2\/pages\/4299","targetHints":{"allow":["GET"]}}],"collection":[{"href":"https:\/\/www.paesesolidale.coop\/pasol\/wp-json\/wp\/v2\/pages"}],"about":[{"href":"https:\/\/www.paesesolidale.coop\/pasol\/wp-json\/wp\/v2\/types\/page"}],"author":[{"embeddable":true,"href":"https:\/\/www.paesesolidale.coop\/pasol\/wp-json\/wp\/v2\/users\/5"}],"replies":[{"embeddable":true,"href":"https:\/\/www.paesesolidale.coop\/pasol\/wp-json\/wp\/v2\/comments?post=4299"}],"version-history":[{"count":81,"href":"https:\/\/www.paesesolidale.coop\/pasol\/wp-json\/wp\/v2\/pages\/4299\/revisions"}],"predecessor-version":[{"id":6284,"href":"https:\/\/www.paesesolidale.coop\/pasol\/wp-json\/wp\/v2\/pages\/4299\/revisions\/6284"}],"wp:attachment":[{"href":"https:\/\/www.paesesolidale.coop\/pasol\/wp-json\/wp\/v2\/media?parent=4299"}],"curies":[{"name":"wp","href":"https:\/\/api.w.org\/{rel}","templated":true}]}}